{"id":1578,"date":"2025-08-04T18:58:50","date_gmt":"2025-08-04T18:58:50","guid":{"rendered":"https:\/\/staging2.maslabor.com\/?page_id=1578"},"modified":"2026-01-16T19:06:48","modified_gmt":"2026-01-16T19:06:48","slug":"getstarted","status":"publish","type":"page","link":"https:\/\/maslabor-es.criticaldev.site\/es\/getstarted\/","title":{"rendered":"Cont\u00e1ctenos"},"content":{"rendered":"\t\t<div data-elementor-type=\"wp-page\" data-elementor-id=\"1578\" class=\"elementor elementor-1578\" data-elementor-post-type=\"page\">\n\t\t\t\t<div class=\"elementor-element elementor-element-c9004a3 elementor-hidden-desktop elementor-hidden-tablet elementor-hidden-mobile e-flex e-con-boxed e-con e-parent\" data-id=\"c9004a3\" data-element_type=\"container\" data-e-type=\"container\">\n\t\t\t\t\t<div class=\"e-con-inner\">\n\t\t\t\t<div class=\"elementor-element elementor-element-0f6f7b5 elementor-widget elementor-widget-heading\" data-id=\"0f6f7b5\" data-element_type=\"widget\" data-e-type=\"widget\" data-widget_type=\"heading.default\">\n\t\t\t\t\t<h1 class=\"elementor-heading-title elementor-size-default\">Contact Us<\/h1>\t\t\t\t<\/div>\n\t\t\t\t\t<\/div>\n\t\t\t\t<\/div>\n\t\t<div class=\"elementor-element elementor-element-22ae11e e-flex e-con-boxed e-con e-parent\" data-id=\"22ae11e\" data-element_type=\"container\" data-e-type=\"container\">\n\t\t\t\t\t<div class=\"e-con-inner\">\n\t\t\t\t<div class=\"elementor-element elementor-element-965e4ad elementor-hidden-desktop elementor-hidden-tablet elementor-hidden-mobile elementor-widget elementor-widget-text-editor\" data-id=\"965e4ad\" data-element_type=\"widget\" data-e-type=\"widget\" data-widget_type=\"text-editor.default\">\n\t\t\t\t\t\t\t\t\t<p><strong>Please provide your information and we will get back to you within one business day.<\/strong><\/p>\t\t\t\t\t\t\t\t<\/div>\n\t\t\t\t<div class=\"elementor-element elementor-element-fdab749 elementor-widget elementor-widget-html\" data-id=\"fdab749\" data-element_type=\"widget\" data-e-type=\"widget\" data-widget_type=\"html.default\">\n\t\t\t\t\t<iframe\n  id=\"JotFormIFrame-260123712616145\"\n  title=\"Contact Us\"\n  onload=\"window.parent.scrollTo(0,0)\"\n  allowtransparency=\"true\"\n  allow=\"geolocation; microphone; camera; fullscreen; payment\"\n  src=\"https:\/\/form.jotform.com\/260123712616145\"\n  frameborder=\"0\"\n  style=\"width:100%; min-width:100%; border:none;\"\n  scrolling=\"no\"\n><\/iframe>\n\n<script src=\"https:\/\/cdn.jotfor.ms\/s\/umd\/latest\/for-form-embed-handler.js\"><\/script>\n<script>\n  window.jotformEmbedHandler(\n    \"iframe[id='JotFormIFrame-260123712616145']\",\n    \"https:\/\/form.jotform.com\/\"\n  );\n<\/script>\n\t\t\t\t<\/div>\n\t\t\t\t\t<\/div>\n\t\t\t\t<\/div>\n\t\t\t\t<\/div>\n\t\t","protected":false},"excerpt":{"rendered":"<p>Contact Us Please provide your information and we will get back to you within one business day.<\/p>","protected":false},"author":1,"featured_media":0,"parent":0,"menu_order":0,"comment_status":"closed","ping_status":"closed","template":"","meta":{"site-sidebar-layout":"no-sidebar","site-content-layout":"","ast-site-content-layout":"full-width-container","site-content-style":"default","site-sidebar-style":"default","ast-global-header-display":"","ast-banner-title-visibility":"","ast-main-header-display":"","ast-hfb-above-header-display":"","ast-hfb-below-header-display":"","ast-hfb-mobile-header-display":"","site-post-title":"disabled","ast-breadcrumbs-content":"","ast-featured-img":"disabled","footer-sml-layout":"","ast-disable-related-posts":"","theme-transparent-header-meta":"","adv-header-id-meta":"","stick-header-meta":"","header-above-stick-meta":"","header-main-stick-meta":"","header-below-stick-meta":"","astra-migrate-meta-layouts":"default","ast-page-background-enabled":"default","ast-page-background-meta":{"desktop":{"background-color":"var(--ast-global-color-5)","background-image":"","background-repeat":"repeat","background-position":"center center","background-size":"auto","background-attachment":"scroll","background-type":"","background-media":"","overlay-type":"","overlay-color":"","overlay-opacity":"","overlay-gradient":""},"tablet":{"background-color":"","background-image":"","background-repeat":"repeat","background-position":"center center","background-size":"auto","background-attachment":"scroll","background-type":"","background-media":"","overlay-type":"","overlay-color":"","overlay-opacity":"","overlay-gradient":""},"mobile":{"background-color":"","background-image":"","background-repeat":"repeat","background-position":"center center","background-size":"auto","background-attachment":"scroll","background-type":"","background-media":"","overlay-type":"","overlay-color":"","overlay-opacity":"","overlay-gradient":""}},"ast-content-background-meta":{"desktop":{"background-color":"var(--ast-global-color-4)","background-image":"","background-repeat":"repeat","background-position":"center center","background-size":"auto","background-attachment":"scroll","background-type":"","background-media":"","overlay-type":"","overlay-color":"","overlay-opacity":"","overlay-gradient":""},"tablet":{"background-color":"var(--ast-global-color-4)","background-image":"","background-repeat":"repeat","background-position":"center center","background-size":"auto","background-attachment":"scroll","background-type":"","background-media":"","overlay-type":"","overlay-color":"","overlay-opacity":"","overlay-gradient":""},"mobile":{"background-color":"var(--ast-global-color-4)","background-image":"","background-repeat":"repeat","background-position":"center center","background-size":"auto","background-attachment":"scroll","background-type":"","background-media":"","overlay-type":"","overlay-color":"","overlay-opacity":"","overlay-gradient":""}},"footnotes":""},"class_list":["post-1578","page","type-page","status-publish","hentry"],"yoast_head":"<!-- This site is optimized with the Yoast SEO plugin v27.5 - https:\/\/yoast.com\/product\/yoast-seo-wordpress\/ -->\n<title>Contact Us - m\u00e1sLabor<\/title>\n<meta name=\"description\" content=\"Ready to solve your seasonal workforce challenges? Get started with m\u00e1sLabor \u2014 Americas trusted provider of H-2A and H-2B visa services.\" \/>\n<meta name=\"robots\" content=\"noindex, follow, max-snippet:-1, max-image-preview:large, max-video-preview:-1\" \/>\n<meta property=\"og:locale\" content=\"es_ES\" \/>\n<meta property=\"og:type\" content=\"article\" \/>\n<meta property=\"og:title\" content=\"Contact Us - m\u00e1sLabor\" \/>\n<meta property=\"og:description\" content=\"Ready to solve your seasonal workforce challenges? Get started with m\u00e1sLabor \u2014 Americas trusted provider of H-2A and H-2B visa services.\" \/>\n<meta property=\"og:url\" content=\"https:\/\/maslabor-es.criticaldev.site\/es\/getstarted\/\" \/>\n<meta property=\"og:site_name\" content=\"m\u00e1sLabor\" \/>\n<meta property=\"article:modified_time\" content=\"2026-01-16T19:06:48+00:00\" \/>\n<meta name=\"twitter:card\" content=\"summary_large_image\" \/>\n<meta name=\"twitter:label1\" content=\"Est. reading time\" \/>\n\t<meta name=\"twitter:data1\" content=\"1 minute\" \/>\n<script type=\"application\/ld+json\" class=\"yoast-schema-graph\">{\"@context\":\"https:\\\/\\\/schema.org\",\"@graph\":[{\"@type\":\"WebPage\",\"@id\":\"https:\\\/\\\/maslabor-es.criticaldev.site\\\/getstarted\\\/\",\"url\":\"https:\\\/\\\/maslabor-es.criticaldev.site\\\/getstarted\\\/\",\"name\":\"Contact Us - m\u00e1sLabor\",\"isPartOf\":{\"@id\":\"https:\\\/\\\/maslabor-es.criticaldev.site\\\/#website\"},\"datePublished\":\"2025-08-04T18:58:50+00:00\",\"dateModified\":\"2026-01-16T19:06:48+00:00\",\"description\":\"Ready to solve your seasonal workforce challenges? Get started with m\u00e1sLabor \u2014 Americas trusted provider of H-2A and H-2B visa services.\",\"breadcrumb\":{\"@id\":\"https:\\\/\\\/maslabor-es.criticaldev.site\\\/getstarted\\\/#breadcrumb\"},\"inLanguage\":\"es-ES\",\"potentialAction\":[{\"@type\":\"ReadAction\",\"target\":[\"https:\\\/\\\/maslabor-es.criticaldev.site\\\/getstarted\\\/\"]}]},{\"@type\":\"BreadcrumbList\",\"@id\":\"https:\\\/\\\/maslabor-es.criticaldev.site\\\/getstarted\\\/#breadcrumb\",\"itemListElement\":[{\"@type\":\"ListItem\",\"position\":1,\"name\":\"Home\",\"item\":\"https:\\\/\\\/maslabor-es.criticaldev.site\\\/\"},{\"@type\":\"ListItem\",\"position\":2,\"name\":\"Contact Us\"}]},{\"@type\":\"WebSite\",\"@id\":\"https:\\\/\\\/maslabor-es.criticaldev.site\\\/#website\",\"url\":\"https:\\\/\\\/maslabor-es.criticaldev.site\\\/\",\"name\":\"m\u00e1sLabor\",\"description\":\"\",\"potentialAction\":[{\"@type\":\"SearchAction\",\"target\":{\"@type\":\"EntryPoint\",\"urlTemplate\":\"https:\\\/\\\/maslabor-es.criticaldev.site\\\/?s={search_term_string}\"},\"query-input\":{\"@type\":\"PropertyValueSpecification\",\"valueRequired\":true,\"valueName\":\"search_term_string\"}}],\"inLanguage\":\"es-ES\"}]}<\/script>\n<!-- \/ Yoast SEO plugin. -->","yoast_head_json":{"title":"Cont\u00e1ctenos - m\u00e1sLabor","description":"Ready to solve your seasonal workforce challenges? Get started with m\u00e1sLabor \u2014 Americas trusted provider of H-2A and H-2B visa services.","robots":{"index":"noindex","follow":"follow","max-snippet":"max-snippet:-1","max-image-preview":"max-image-preview:large","max-video-preview":"max-video-preview:-1"},"og_locale":"es_ES","og_type":"article","og_title":"Contact Us - m\u00e1sLabor","og_description":"Ready to solve your seasonal workforce challenges? Get started with m\u00e1sLabor \u2014 Americas trusted provider of H-2A and H-2B visa services.","og_url":"https:\/\/maslabor-es.criticaldev.site\/es\/getstarted\/","og_site_name":"m\u00e1sLabor","article_modified_time":"2026-01-16T19:06:48+00:00","twitter_card":"summary_large_image","twitter_misc":{"Est. reading time":"1 minute"},"schema":{"@context":"https:\/\/schema.org","@graph":[{"@type":"WebPage","@id":"https:\/\/maslabor-es.criticaldev.site\/getstarted\/","url":"https:\/\/maslabor-es.criticaldev.site\/getstarted\/","name":"Cont\u00e1ctenos - m\u00e1sLabor","isPartOf":{"@id":"https:\/\/maslabor-es.criticaldev.site\/#website"},"datePublished":"2025-08-04T18:58:50+00:00","dateModified":"2026-01-16T19:06:48+00:00","description":"Ready to solve your seasonal workforce challenges? Get started with m\u00e1sLabor \u2014 Americas trusted provider of H-2A and H-2B visa services.","breadcrumb":{"@id":"https:\/\/maslabor-es.criticaldev.site\/getstarted\/#breadcrumb"},"inLanguage":"es-ES","potentialAction":[{"@type":"ReadAction","target":["https:\/\/maslabor-es.criticaldev.site\/getstarted\/"]}]},{"@type":"BreadcrumbList","@id":"https:\/\/maslabor-es.criticaldev.site\/getstarted\/#breadcrumb","itemListElement":[{"@type":"ListItem","position":1,"name":"Home","item":"https:\/\/maslabor-es.criticaldev.site\/"},{"@type":"ListItem","position":2,"name":"Contact Us"}]},{"@type":"WebSite","@id":"https:\/\/maslabor-es.criticaldev.site\/#website","url":"https:\/\/maslabor-es.criticaldev.site\/","name":"m\u00e1sLabor","description":"","potentialAction":[{"@type":"SearchAction","target":{"@type":"EntryPoint","urlTemplate":"https:\/\/maslabor-es.criticaldev.site\/?s={search_term_string}"},"query-input":{"@type":"PropertyValueSpecification","valueRequired":true,"valueName":"search_term_string"}}],"inLanguage":"es-ES"}]}},"_links":{"self":[{"href":"https:\/\/maslabor-es.criticaldev.site\/es\/wp-json\/wp\/v2\/pages\/1578","targetHints":{"allow":["GET"]}}],"collection":[{"href":"https:\/\/maslabor-es.criticaldev.site\/es\/wp-json\/wp\/v2\/pages"}],"about":[{"href":"https:\/\/maslabor-es.criticaldev.site\/es\/wp-json\/wp\/v2\/types\/page"}],"author":[{"embeddable":true,"href":"https:\/\/maslabor-es.criticaldev.site\/es\/wp-json\/wp\/v2\/users\/1"}],"replies":[{"embeddable":true,"href":"https:\/\/maslabor-es.criticaldev.site\/es\/wp-json\/wp\/v2\/comments?post=1578"}],"version-history":[{"count":10,"href":"https:\/\/maslabor-es.criticaldev.site\/es\/wp-json\/wp\/v2\/pages\/1578\/revisions"}],"predecessor-version":[{"id":2209,"href":"https:\/\/maslabor-es.criticaldev.site\/es\/wp-json\/wp\/v2\/pages\/1578\/revisions\/2209"}],"wp:attachment":[{"href":"https:\/\/maslabor-es.criticaldev.site\/es\/wp-json\/wp\/v2\/media?parent=1578"}],"curies":[{"name":"wp","href":"https:\/\/api.w.org\/{rel}","templated":true}]}}