{"id":1611,"date":"2025-08-04T19:26:44","date_gmt":"2025-08-04T19:26:44","guid":{"rendered":"https:\/\/staging2.maslabor.com\/?page_id=1611"},"modified":"2026-01-19T14:45:26","modified_gmt":"2026-01-19T14:45:26","slug":"subscribe","status":"publish","type":"page","link":"https:\/\/maslabor-es.criticaldev.site\/es\/subscribe\/","title":{"rendered":"Subscribe"},"content":{"rendered":"\t\t<div data-elementor-type=\"wp-page\" data-elementor-id=\"1611\" class=\"elementor elementor-1611\" data-elementor-post-type=\"page\">\n\t\t\t\t<div class=\"elementor-element elementor-element-9b6f7ef elementor-hidden-desktop elementor-hidden-tablet elementor-hidden-mobile e-flex e-con-boxed e-con e-parent\" data-id=\"9b6f7ef\" data-element_type=\"container\" data-e-type=\"container\">\n\t\t\t\t\t<div class=\"e-con-inner\">\n\t\t\t\t<div class=\"elementor-element elementor-element-92e6e4c elementor-widget elementor-widget-image\" data-id=\"92e6e4c\" data-element_type=\"widget\" data-e-type=\"widget\" data-widget_type=\"image.default\">\n\t\t\t\t\t\t\t\t\t\t\t\t\t\t\t<img fetchpriority=\"high\" decoding=\"async\" width=\"654\" height=\"148\" src=\"https:\/\/maslabor-es.criticaldev.site\/wp-content\/uploads\/2025\/08\/Screenshot-2025-06-11-at-11.20.45-AM.png\" class=\"attachment-large size-large wp-image-1613\" alt=\"\" srcset=\"https:\/\/maslabor-es.criticaldev.site\/wp-content\/uploads\/2025\/08\/Screenshot-2025-06-11-at-11.20.45-AM.png 654w, https:\/\/maslabor-es.criticaldev.site\/wp-content\/uploads\/2025\/08\/Screenshot-2025-06-11-at-11.20.45-AM-300x68.png 300w\" sizes=\"(max-width: 654px) 100vw, 654px\" \/>\t\t\t\t\t\t\t\t\t\t\t\t\t\t\t<\/div>\n\t\t\t\t<div class=\"elementor-element elementor-element-55a6feb elementor-widget elementor-widget-text-editor\" data-id=\"55a6feb\" data-element_type=\"widget\" data-e-type=\"widget\" data-widget_type=\"text-editor.default\">\n\t\t\t\t\t\t\t\t\t<p class=\"\" data-pm-slice=\"1 1 []\">Stay up to date on regulatory news, upcoming events, program strategies, and all other H-2A &amp; H-2B updates!<\/p>\t\t\t\t\t\t\t\t<\/div>\n\t\t\t\t\t<\/div>\n\t\t\t\t<\/div>\n\t\t<div class=\"elementor-element elementor-element-80912d8 e-flex e-con-boxed e-con e-parent\" data-id=\"80912d8\" data-element_type=\"container\" data-e-type=\"container\">\n\t\t\t\t\t<div class=\"e-con-inner\">\n\t\t\t\t<div class=\"elementor-element elementor-element-4e9f437 elementor-widget elementor-widget-html\" data-id=\"4e9f437\" data-element_type=\"widget\" data-e-type=\"widget\" data-widget_type=\"html.default\">\n\t\t\t\t\t<div style=\"width:100%;max-width:100%;\">\n  <iframe\n    id=\"JotFormIFrame-260155721629053\"\n    title=\"Form\"\n    onload=\"window.parent.scrollTo(0,0)\"\n    allowtransparency=\"true\"\n    allow=\"geolocation; microphone; camera; fullscreen; payment\"\n    src=\"https:\/\/form.jotform.com\/260155721629053\"\n    frameborder=\"0\"\n    style=\"width:100%;min-width:100%;max-width:100%;height:700px;border:none;\"\n    scrolling=\"yes\"\n  ><\/iframe>\n<\/div>\n\n<script src=\"https:\/\/cdn.jotfor.ms\/s\/umd\/latest\/for-form-embed-handler.js\"><\/script>\n<script>\n  window.jotformEmbedHandler(\n    \"iframe[id='JotFormIFrame-260155721629053']\",\n    \"https:\/\/form.jotform.com\/\"\n  );\n<\/script>\n\t\t\t\t<\/div>\n\t\t\t\t\t<\/div>\n\t\t\t\t<\/div>\n\t\t\t\t<\/div>\n\t\t","protected":false},"excerpt":{"rendered":"<p>Mant\u00e9ngase al d\u00eda sobre noticias regulatorias, pr\u00f3ximos eventos, estrategias de los programas y todas las actualizaciones de H-2A y H-2B.<\/p>","protected":false},"author":1,"featured_media":0,"parent":0,"menu_order":0,"comment_status":"closed","ping_status":"closed","template":"","meta":{"site-sidebar-layout":"no-sidebar","site-content-layout":"","ast-site-content-layout":"full-width-container","site-content-style":"default","site-sidebar-style":"default","ast-global-header-display":"","ast-banner-title-visibility":"","ast-main-header-display":"","ast-hfb-above-header-display":"","ast-hfb-below-header-display":"","ast-hfb-mobile-header-display":"","site-post-title":"disabled","ast-breadcrumbs-content":"","ast-featured-img":"disabled","footer-sml-layout":"","ast-disable-related-posts":"","theme-transparent-header-meta":"","adv-header-id-meta":"","stick-header-meta":"","header-above-stick-meta":"","header-main-stick-meta":"","header-below-stick-meta":"","astra-migrate-meta-layouts":"default","ast-page-background-enabled":"default","ast-page-background-meta":{"desktop":{"background-color":"var(--ast-global-color-5)","background-image":"","background-repeat":"repeat","background-position":"center center","background-size":"auto","background-attachment":"scroll","background-type":"","background-media":"","overlay-type":"","overlay-color":"","overlay-opacity":"","overlay-gradient":""},"tablet":{"background-color":"","background-image":"","background-repeat":"repeat","background-position":"center center","background-size":"auto","background-attachment":"scroll","background-type":"","background-media":"","overlay-type":"","overlay-color":"","overlay-opacity":"","overlay-gradient":""},"mobile":{"background-color":"","background-image":"","background-repeat":"repeat","background-position":"center center","background-size":"auto","background-attachment":"scroll","background-type":"","background-media":"","overlay-type":"","overlay-color":"","overlay-opacity":"","overlay-gradient":""}},"ast-content-background-meta":{"desktop":{"background-color":"var(--ast-global-color-4)","background-image":"","background-repeat":"repeat","background-position":"center center","background-size":"auto","background-attachment":"scroll","background-type":"","background-media":"","overlay-type":"","overlay-color":"","overlay-opacity":"","overlay-gradient":""},"tablet":{"background-color":"var(--ast-global-color-4)","background-image":"","background-repeat":"repeat","background-position":"center center","background-size":"auto","background-attachment":"scroll","background-type":"","background-media":"","overlay-type":"","overlay-color":"","overlay-opacity":"","overlay-gradient":""},"mobile":{"background-color":"var(--ast-global-color-4)","background-image":"","background-repeat":"repeat","background-position":"center center","background-size":"auto","background-attachment":"scroll","background-type":"","background-media":"","overlay-type":"","overlay-color":"","overlay-opacity":"","overlay-gradient":""}},"footnotes":""},"class_list":["post-1611","page","type-page","status-publish","hentry"],"yoast_head":"<!-- This site is optimized with the Yoast SEO plugin v27.5 - https:\/\/yoast.com\/product\/yoast-seo-wordpress\/ -->\n<title>Subscribe - m\u00e1sLabor<\/title>\n<meta name=\"robots\" content=\"noindex, follow, max-snippet:-1, max-image-preview:large, max-video-preview:-1\" \/>\n<meta property=\"og:locale\" content=\"es_ES\" \/>\n<meta property=\"og:type\" content=\"article\" \/>\n<meta property=\"og:title\" content=\"Subscribe - m\u00e1sLabor\" \/>\n<meta property=\"og:description\" content=\"Stay up to date on regulatory news, upcoming events, program strategies, and all other H-2A &amp; H-2B updates!\" \/>\n<meta property=\"og:url\" content=\"https:\/\/maslabor-es.criticaldev.site\/es\/subscribe\/\" \/>\n<meta property=\"og:site_name\" content=\"m\u00e1sLabor\" \/>\n<meta property=\"article:modified_time\" content=\"2026-01-19T14:45:26+00:00\" \/>\n<meta property=\"og:image\" content=\"https:\/\/maslabor-es.criticaldev.site\/wp-content\/uploads\/2025\/08\/Screenshot-2025-06-11-at-11.20.45-AM.png\" \/>\n\t<meta property=\"og:image:width\" content=\"654\" \/>\n\t<meta property=\"og:image:height\" content=\"148\" \/>\n\t<meta property=\"og:image:type\" content=\"image\/png\" \/>\n<meta name=\"twitter:card\" content=\"summary_large_image\" \/>\n<meta name=\"twitter:label1\" content=\"Est. reading time\" \/>\n\t<meta name=\"twitter:data1\" content=\"1 minute\" \/>\n<script type=\"application\/ld+json\" class=\"yoast-schema-graph\">{\"@context\":\"https:\\\/\\\/schema.org\",\"@graph\":[{\"@type\":\"WebPage\",\"@id\":\"https:\\\/\\\/maslabor-es.criticaldev.site\\\/subscribe\\\/\",\"url\":\"https:\\\/\\\/maslabor-es.criticaldev.site\\\/subscribe\\\/\",\"name\":\"Subscribe - m\u00e1sLabor\",\"isPartOf\":{\"@id\":\"https:\\\/\\\/maslabor-es.criticaldev.site\\\/#website\"},\"primaryImageOfPage\":{\"@id\":\"https:\\\/\\\/maslabor-es.criticaldev.site\\\/subscribe\\\/#primaryimage\"},\"image\":{\"@id\":\"https:\\\/\\\/maslabor-es.criticaldev.site\\\/subscribe\\\/#primaryimage\"},\"thumbnailUrl\":\"https:\\\/\\\/maslabor-es.criticaldev.site\\\/wp-content\\\/uploads\\\/2025\\\/08\\\/Screenshot-2025-06-11-at-11.20.45-AM.png\",\"datePublished\":\"2025-08-04T19:26:44+00:00\",\"dateModified\":\"2026-01-19T14:45:26+00:00\",\"breadcrumb\":{\"@id\":\"https:\\\/\\\/maslabor-es.criticaldev.site\\\/subscribe\\\/#breadcrumb\"},\"inLanguage\":\"es-ES\",\"potentialAction\":[{\"@type\":\"ReadAction\",\"target\":[\"https:\\\/\\\/maslabor-es.criticaldev.site\\\/subscribe\\\/\"]}]},{\"@type\":\"ImageObject\",\"inLanguage\":\"es-ES\",\"@id\":\"https:\\\/\\\/maslabor-es.criticaldev.site\\\/subscribe\\\/#primaryimage\",\"url\":\"https:\\\/\\\/maslabor-es.criticaldev.site\\\/wp-content\\\/uploads\\\/2025\\\/08\\\/Screenshot-2025-06-11-at-11.20.45-AM.png\",\"contentUrl\":\"https:\\\/\\\/maslabor-es.criticaldev.site\\\/wp-content\\\/uploads\\\/2025\\\/08\\\/Screenshot-2025-06-11-at-11.20.45-AM.png\"},{\"@type\":\"BreadcrumbList\",\"@id\":\"https:\\\/\\\/maslabor-es.criticaldev.site\\\/subscribe\\\/#breadcrumb\",\"itemListElement\":[{\"@type\":\"ListItem\",\"position\":1,\"name\":\"Home\",\"item\":\"https:\\\/\\\/maslabor-es.criticaldev.site\\\/\"},{\"@type\":\"ListItem\",\"position\":2,\"name\":\"Subscribe\"}]},{\"@type\":\"WebSite\",\"@id\":\"https:\\\/\\\/maslabor-es.criticaldev.site\\\/#website\",\"url\":\"https:\\\/\\\/maslabor-es.criticaldev.site\\\/\",\"name\":\"m\u00e1sLabor\",\"description\":\"\",\"potentialAction\":[{\"@type\":\"SearchAction\",\"target\":{\"@type\":\"EntryPoint\",\"urlTemplate\":\"https:\\\/\\\/maslabor-es.criticaldev.site\\\/?s={search_term_string}\"},\"query-input\":{\"@type\":\"PropertyValueSpecification\",\"valueRequired\":true,\"valueName\":\"search_term_string\"}}],\"inLanguage\":\"es-ES\"}]}<\/script>\n<!-- \/ Yoast SEO plugin. -->","yoast_head_json":{"title":"Suscribirse - m\u00e1sLabor","robots":{"index":"noindex","follow":"follow","max-snippet":"max-snippet:-1","max-image-preview":"max-image-preview:large","max-video-preview":"max-video-preview:-1"},"og_locale":"es_ES","og_type":"article","og_title":"Subscribe - m\u00e1sLabor","og_description":"Stay up to date on regulatory news, upcoming events, program strategies, and all other H-2A &amp; H-2B updates!","og_url":"https:\/\/maslabor-es.criticaldev.site\/es\/subscribe\/","og_site_name":"m\u00e1sLabor","article_modified_time":"2026-01-19T14:45:26+00:00","og_image":[{"width":654,"height":148,"url":"https:\/\/maslabor-es.criticaldev.site\/wp-content\/uploads\/2025\/08\/Screenshot-2025-06-11-at-11.20.45-AM.png","type":"image\/png"}],"twitter_card":"summary_large_image","twitter_misc":{"Est. reading time":"1 minute"},"schema":{"@context":"https:\/\/schema.org","@graph":[{"@type":"WebPage","@id":"https:\/\/maslabor-es.criticaldev.site\/subscribe\/","url":"https:\/\/maslabor-es.criticaldev.site\/subscribe\/","name":"Suscribirse - m\u00e1sLabor","isPartOf":{"@id":"https:\/\/maslabor-es.criticaldev.site\/#website"},"primaryImageOfPage":{"@id":"https:\/\/maslabor-es.criticaldev.site\/subscribe\/#primaryimage"},"image":{"@id":"https:\/\/maslabor-es.criticaldev.site\/subscribe\/#primaryimage"},"thumbnailUrl":"https:\/\/maslabor-es.criticaldev.site\/wp-content\/uploads\/2025\/08\/Screenshot-2025-06-11-at-11.20.45-AM.png","datePublished":"2025-08-04T19:26:44+00:00","dateModified":"2026-01-19T14:45:26+00:00","breadcrumb":{"@id":"https:\/\/maslabor-es.criticaldev.site\/subscribe\/#breadcrumb"},"inLanguage":"es-ES","potentialAction":[{"@type":"ReadAction","target":["https:\/\/maslabor-es.criticaldev.site\/subscribe\/"]}]},{"@type":"ImageObject","inLanguage":"es-ES","@id":"https:\/\/maslabor-es.criticaldev.site\/subscribe\/#primaryimage","url":"https:\/\/maslabor-es.criticaldev.site\/wp-content\/uploads\/2025\/08\/Screenshot-2025-06-11-at-11.20.45-AM.png","contentUrl":"https:\/\/maslabor-es.criticaldev.site\/wp-content\/uploads\/2025\/08\/Screenshot-2025-06-11-at-11.20.45-AM.png"},{"@type":"BreadcrumbList","@id":"https:\/\/maslabor-es.criticaldev.site\/subscribe\/#breadcrumb","itemListElement":[{"@type":"ListItem","position":1,"name":"Home","item":"https:\/\/maslabor-es.criticaldev.site\/"},{"@type":"ListItem","position":2,"name":"Subscribe"}]},{"@type":"WebSite","@id":"https:\/\/maslabor-es.criticaldev.site\/#website","url":"https:\/\/maslabor-es.criticaldev.site\/","name":"m\u00e1sLabor","description":"","potentialAction":[{"@type":"SearchAction","target":{"@type":"EntryPoint","urlTemplate":"https:\/\/maslabor-es.criticaldev.site\/?s={search_term_string}"},"query-input":{"@type":"PropertyValueSpecification","valueRequired":true,"valueName":"search_term_string"}}],"inLanguage":"es-ES"}]}},"_links":{"self":[{"href":"https:\/\/maslabor-es.criticaldev.site\/es\/wp-json\/wp\/v2\/pages\/1611","targetHints":{"allow":["GET"]}}],"collection":[{"href":"https:\/\/maslabor-es.criticaldev.site\/es\/wp-json\/wp\/v2\/pages"}],"about":[{"href":"https:\/\/maslabor-es.criticaldev.site\/es\/wp-json\/wp\/v2\/types\/page"}],"author":[{"embeddable":true,"href":"https:\/\/maslabor-es.criticaldev.site\/es\/wp-json\/wp\/v2\/users\/1"}],"replies":[{"embeddable":true,"href":"https:\/\/maslabor-es.criticaldev.site\/es\/wp-json\/wp\/v2\/comments?post=1611"}],"version-history":[{"count":7,"href":"https:\/\/maslabor-es.criticaldev.site\/es\/wp-json\/wp\/v2\/pages\/1611\/revisions"}],"predecessor-version":[{"id":2212,"href":"https:\/\/maslabor-es.criticaldev.site\/es\/wp-json\/wp\/v2\/pages\/1611\/revisions\/2212"}],"wp:attachment":[{"href":"https:\/\/maslabor-es.criticaldev.site\/es\/wp-json\/wp\/v2\/media?parent=1611"}],"curies":[{"name":"wp","href":"https:\/\/api.w.org\/{rel}","templated":true}]}}