{"id":2001,"date":"2025-10-08T14:43:14","date_gmt":"2025-10-08T14:43:14","guid":{"rendered":"https:\/\/maslabor.com\/?page_id=2001"},"modified":"2025-10-08T15:09:02","modified_gmt":"2025-10-08T15:09:02","slug":"privacy-policy","status":"publish","type":"page","link":"https:\/\/maslabor-es.criticaldev.site\/es\/privacy-policy\/","title":{"rendered":"Pol\u00edtica de privacidad"},"content":{"rendered":"<div data-elementor-type=\"wp-page\" data-elementor-id=\"2001\" class=\"elementor elementor-2001\" data-elementor-post-type=\"page\">\n\t\t\t\t<div class=\"elementor-element elementor-element-76abd56 e-flex e-con-boxed e-con e-parent\" data-id=\"76abd56\" data-element_type=\"container\" data-e-type=\"container\">\n\t\t\t\t\t<div class=\"e-con-inner\">\n\t\t\t\t<div class=\"elementor-element elementor-element-0fa388d elementor-widget elementor-widget-heading\" data-id=\"0fa388d\" data-element_type=\"widget\" data-e-type=\"widget\" data-widget_type=\"heading.default\">\n\t\t\t\t\t<h2 class=\"elementor-heading-title elementor-size-default\">Pol\u00edtica de privacidad<\/h2>\t\t\t\t<\/div>\n\t\t\t\t<div class=\"elementor-element elementor-element-a88144f elementor-widget elementor-widget-text-editor\" data-id=\"a88144f\" data-element_type=\"widget\" data-e-type=\"widget\" data-widget_type=\"text-editor.default\">\n\t\t\t\t\t\t\t\t\t<div class=\"elementor-element elementor-element-3e50900 elementor-widget elementor-widget-text-editor\" data-id=\"3e50900\" data-element_type=\"widget\" data-widget_type=\"text-editor.default\"><div class=\"elementor-widget-container\"><p data-start=\"267\" data-end=\"722\">Esta Pol\u00edtica de Privacidad describe c\u00f3mo Mid-Atlantic Solutions, LLC y sus filiales y subsidiarias, MAS Labor H2A, LLC, MAS Labor H2B, LLC, MAS Labor 365, LLC y AgWorks H2, LLC (en conjunto, \u00abm\u00e1sLabor\u00bb, \u00abnosotros\u00bb, \u00abnos\u00bb o \u00abnuestro\u00bb) recopilan, utilizan, divulgan y protegen la informaci\u00f3n cuando usted visita o utiliza nuestros sitios web y servicios en l\u00ednea que enlazan a esta Pol\u00edtica de Privacidad (el \u00abSitio\u00bb). Al utilizar el Sitio, usted acepta esta Pol\u00edtica de Privacidad y nuestros T\u00e9rminos de Uso.<\/p><p data-start=\"724\" data-end=\"1181\"><strong data-start=\"724\" data-end=\"749\">1) Scope &amp; Who We Are<\/strong><br data-start=\"749\" data-end=\"752\" \/>Esta Pol\u00edtica aplica a la informaci\u00f3n que recopilamos en l\u00ednea a trav\u00e9s del Sitio y sus p\u00e1ginas relacionadas, incluidos los registros a webinars, los formularios de contacto y los recursos que alojamos o enlazamos. No aplica a la informaci\u00f3n recopilada fuera de l\u00ednea salvo indicaci\u00f3n expresa, y no aplica a sitios web o servicios de terceros que no controlamos.<br data-start=\"1080\" data-end=\"1083\" \/>m\u00e1sLabor no es una firma de abogados. Las comunicaciones con nosotros no est\u00e1n protegidas por el secreto profesional entre abogado y cliente.<\/p><p data-start=\"1183\" data-end=\"1662\"><strong data-start=\"1183\" data-end=\"1212\">2) Information We Collect<\/strong><br data-start=\"1212\" data-end=\"1215\" \/><strong data-start=\"1215\" data-end=\"1254\">a) Information you provide directly<\/strong><br data-start=\"1254\" data-end=\"1257\" \/>\u2013 Informaci\u00f3n de contacto (nombre, nombre de la empresa, correo electr\u00f3nico, tel\u00e9fono, direcci\u00f3n postal)<br data-start=\"1346\" data-end=\"1349\" \/>\u2013 Informaci\u00f3n profesional (cargo, empresa, intereses en programas como H-2A o H-2B)<br data-start=\"1431\" data-end=\"1434\" \/>\u2013 Informaci\u00f3n sobre webinars y eventos (registros, asistencia, preguntas enviadas)<br data-start=\"1507\" data-end=\"1510\" \/>\u2013 Contenido de soporte\/consulta (mensajes enviados a trav\u00e9s de formularios o correo electr\u00f3nico)<br data-start=\"1570\" data-end=\"1573\" \/>\u2013 Informaci\u00f3n del solicitante de empleo (curr\u00edculum, historial laboral, referencias) si postula a un puesto<\/p><p data-start=\"1664\" data-end=\"2136\"><strong data-start=\"1664\" data-end=\"1706\">b) Information collected automatically<\/strong><br data-start=\"1706\" data-end=\"1709\" \/>Cuando usted accede al Sitio, nosotros y nuestros proveedores de servicios podemos recopilar autom\u00e1ticamente datos del dispositivo y de uso (direcci\u00f3n IP, tipo de navegador, sistema operativo, URLs de referencia, p\u00e1ginas vistas, enlaces visitados, fecha\/hora y ubicaci\u00f3n aproximada derivada de la IP) y utilizar cookies o tecnolog\u00edas similares. Usted puede configurar su navegador para rechazar las cookies o para que le avise cuando se coloquen; algunas funciones del Sitio podr\u00edan no funcionar correctamente sin cookies.<\/p><p data-start=\"2138\" data-end=\"2402\"><strong data-start=\"2138\" data-end=\"2175\">c) Information from third parties<\/strong><br data-start=\"2175\" data-end=\"2178\" \/>Podemos recibir informaci\u00f3n de proveedores de servicios y plataformas que utilizamos para eventos, anal\u00edtica, correo electr\u00f3nico y CRM; de redes sociales cuando usted interact\u00faa con nuestro contenido; de fuentes disponibles p\u00fablicamente; y de socios comerciales.<\/p><p data-start=\"2404\" data-end=\"3015\"><strong data-start=\"2404\" data-end=\"2433\">3) How We Use Information<\/strong><br data-start=\"2433\" data-end=\"2436\" \/>\u2013 Proveer y operar el Sitio, el contenido, los recursos y los servicios solicitados<br data-start=\"2510\" data-end=\"2513\" \/>\u2013 Communicate with you (transactional notices, service updates, administrative messages)<br data-start=\"2601\" data-end=\"2604\" \/>\u2013 Send marketing or promotional content about m\u00e1sLabor offerings where permitted (you can opt out at any time)<br data-start=\"2714\" data-end=\"2717\" \/>\u2013 Analyze and improve the Site (usage analytics, troubleshooting, research and development)<br data-start=\"2808\" data-end=\"2811\" \/>\u2013 Protect the Site and our users (fraud prevention, security, legal compliance)<br data-start=\"2890\" data-end=\"2893\" \/>\u2013 Recruitment and hiring (evaluate job applications)<br data-start=\"2945\" data-end=\"2948\" \/>\u2013 Comply with law and enforce our Terms of Use and other agreements<\/p><p data-start=\"3017\" data-end=\"3812\"><strong data-start=\"3017\" data-end=\"3051\">4) How We Disclose Information<\/strong><br data-start=\"3051\" data-end=\"3054\" \/>We may disclose information to: (a) our affiliates and subsidiaries within the m\u00e1sLabor family listed above; (b) service providers that host data, run webinars, send emails, provide analytics, or perform other business functions under contractual confidentiality and use restrictions; (c) parties involved in a merger, acquisition, reorganization, or sale of assets; (d) governmental authorities or other recipients when required to comply with law, legal process, or governmental request; and (e) other parties with your direction or consent.<br data-start=\"3597\" data-end=\"3600\" \/>We do not sell your personal information for monetary consideration, and we do not knowingly \u201cshare\u201d personal information for cross-context behavioral advertising as defined under certain U.S. state privacy laws.<\/p><p data-start=\"3814\" data-end=\"4125\"><strong data-start=\"3814\" data-end=\"3860\">5) Cookies, Analytics, and Online Tracking<\/strong><br data-start=\"3860\" data-end=\"3863\" \/>Podemos utilizar cookies propias y de terceros y herramientas de anal\u00edtica para comprender el uso y mejorar el Sitio. La mayor\u00eda de los navegadores le permiten bloquear o eliminar cookies. Las se\u00f1ales \u00abDo Not Track\u00bb (\u00abNo Rastrear\u00bb) no son reconocidas de forma consistente por la industria; en este momento no respondemos a ellas.<\/p><p data-start=\"4127\" data-end=\"4352\"><strong data-start=\"4127\" data-end=\"4148\">6) Data Retention<\/strong><br data-start=\"4148\" data-end=\"4151\" \/>Conservamos la informaci\u00f3n durante el tiempo necesario para cumplir con los fines descritos en esta Pol\u00edtica, incluido el cumplimiento de obligaciones legales, contables o de presentaci\u00f3n de informes, la resoluci\u00f3n de controversias y la aplicaci\u00f3n de los acuerdos.<\/p><p data-start=\"4354\" data-end=\"4603\"><strong data-start=\"4354\" data-end=\"4369\">7) Security<\/strong><br data-start=\"4369\" data-end=\"4372\" \/>Aplicamos medidas administrativas, t\u00e9cnicas y f\u00edsicas razonables y apropiadas, dise\u00f1adas para proteger la informaci\u00f3n. Sin embargo, ning\u00fan m\u00e9todo de transmisi\u00f3n o almacenamiento es completamente seguro y no podemos garantizar una seguridad absoluta.<\/p><p data-start=\"4605\" data-end=\"4853\"><strong data-start=\"4605\" data-end=\"4630\">8) Children\u2019s Privacy<\/strong><br data-start=\"4630\" data-end=\"4633\" \/>El Sitio no est\u00e1 dirigido a menores de 13 a\u00f1os, y no recopilamos a sabiendas informaci\u00f3n personal de menores de 13 a\u00f1os. Si cree que un menor ha proporcionado informaci\u00f3n personal, cont\u00e1ctenos para que podamos eliminarla.<\/p><p data-start=\"4855\" data-end=\"5119\"><strong data-start=\"4855\" data-end=\"4874\">9) Your Choices<\/strong><br data-start=\"4874\" data-end=\"4877\" \/>\u2013 Marketing emails: opt out using the \u201cunsubscribe\u201d link in our emails or by contacting us<br data-start=\"4967\" data-end=\"4970\" \/>\u2013 Cookies: manage cookies via your browser settings<br data-start=\"5021\" data-end=\"5024\" \/>\u2013 Webinars\/Events: update or cancel registrations using the instructions provided for the event<\/p><p data-start=\"5121\" data-end=\"6106\"><strong data-start=\"5121\" data-end=\"5186\">10) U.S. State Privacy Disclosures (e.g., CA, CO, CT, VA, UT)<\/strong><br data-start=\"5186\" data-end=\"5189\" \/>Dependiendo de su estado, usted puede tener derechos para acceder, corregir, eliminar u obtener una copia de su informaci\u00f3n personal, as\u00ed como para optar por no participar en cierto tratamiento. Los residentes de Virginia, California, Colorado, Connecticut y Utah pueden enviar una solicitud usando los m\u00e9todos indicados en la secci\u00f3n Contacto a continuaci\u00f3n. Verificaremos las solicitudes conforme a la ley aplicable. Los residentes de Virginia pueden apelar una denegaci\u00f3n respondiendo a nuestra respuesta e indicando \u00abAppeal\u00bb (Apelaci\u00f3n).<br data-start=\"5617\" data-end=\"5620\" \/>Aviso en el Momento de la Recolecci\u00f3n (California): recopilamos identificadores, informaci\u00f3n profesional o relacionada con el empleo, informaci\u00f3n de actividad en Internet\/electr\u00f3nica, geolocalizaci\u00f3n aproximada (a partir de la IP) e inferencias para mejorar el Sitio, con los fines descritos en las secciones 2 y 3. No vendemos ni compartimos informaci\u00f3n personal en los t\u00e9rminos definidos por la CPRA, y no usamos ni divulgamos informaci\u00f3n personal sensible para inferir caracter\u00edsticas. No le discriminaremos por ejercer sus derechos de privacidad.<\/p><p data-start=\"6108\" data-end=\"6376\"><strong data-start=\"6108\" data-end=\"6138\">11) International Visitors<\/strong><br data-start=\"6138\" data-end=\"6141\" \/>El Sitio est\u00e1 controlado y operado desde Estados Unidos. Si usted accede al Sitio desde fuera de Estados Unidos, su informaci\u00f3n puede ser procesada en Estados Unidos (u otros pa\u00edses) donde las leyes de privacidad pueden diferir de las de su jurisdicci\u00f3n.<\/p><p data-start=\"6378\" data-end=\"6610\"><strong data-start=\"6378\" data-end=\"6416\">12) Third-Party Links and Services<\/strong><br data-start=\"6416\" data-end=\"6419\" \/>El Sitio puede contener enlaces a sitios web, plataformas o servicios de terceros. No somos responsables de las pr\u00e1cticas de privacidad de esos terceros. Revise sus pol\u00edticas de privacidad para obtener m\u00e1s informaci\u00f3n.<\/p><p data-start=\"6612\" data-end=\"6797\"><strong data-start=\"6612\" data-end=\"6642\">13) Changes to This Policy<\/strong><br data-start=\"6642\" data-end=\"6645\" \/>Podemos actualizar esta Pol\u00edtica peri\u00f3dicamente. La fecha de vigencia indicada arriba muestra cu\u00e1ndo fue revisada por \u00faltima vez. Los cambios entran en vigor cuando se publican en el Sitio.<\/p><p data-start=\"6799\" data-end=\"7040\"><strong data-start=\"6799\" data-end=\"6817\">14) Contact Us<\/strong><br data-start=\"6817\" data-end=\"6820\" \/>If you have questions about this Policy, want to exercise a privacy right, or wish to appeal a decision (where applicable), contact us:<br data-start=\"6955\" data-end=\"6958\" \/>Email: <a href=\"mailto:solutions@maslabor.com\">solutions@maslabor.com<\/a><\/p><p data-start=\"7042\" data-end=\"7313\"><strong data-start=\"7042\" data-end=\"7070\">15) Governing Law; Venue<\/strong><br data-start=\"7070\" data-end=\"7073\" \/>Conforme a lo establecido en nuestros T\u00e9rminos de Uso, esta Pol\u00edtica de Privacidad se rige por las leyes del Commonwealth of Virginia, EE. UU., sin atender a las reglas de conflicto de leyes, y las controversias est\u00e1n sujetas a la jurisdicci\u00f3n y al fuero exclusivos all\u00ed especificados.<\/p><\/div><\/div>\t\t\t\t\t\t\t\t<\/div>\n\t\t\t\t\t<\/div>\n\t\t\t\t<\/div>\n\t\t\t\t<\/div>","protected":false},"excerpt":{"rendered":"<p>Privacy Policy This Privacy Policy describes how Mid-Atlantic Solutions, LLC and its affiliates and subsidiaries, MAS Labor H2A, LLC, MAS [&hellip;]<\/p>\n","protected":false},"author":1,"featured_media":0,"parent":0,"menu_order":0,"comment_status":"closed","ping_status":"closed","template":"","meta":{"site-sidebar-layout":"no-sidebar","site-content-layout":"","ast-site-content-layout":"full-width-container","site-content-style":"default","site-sidebar-style":"default","ast-global-header-display":"","ast-banner-title-visibility":"","ast-main-header-display":"","ast-hfb-above-header-display":"","ast-hfb-below-header-display":"","ast-hfb-mobile-header-display":"","site-post-title":"disabled","ast-breadcrumbs-content":"","ast-featured-img":"disabled","footer-sml-layout":"","ast-disable-related-posts":"","theme-transparent-header-meta":"","adv-header-id-meta":"","stick-header-meta":"","header-above-stick-meta":"","header-main-stick-meta":"","header-below-stick-meta":"","astra-migrate-meta-layouts":"default","ast-page-background-enabled":"default","ast-page-background-meta":{"desktop":{"background-color":"var(--ast-global-color-5)","background-image":"","background-repeat":"repeat","background-position":"center center","background-size":"auto","background-attachment":"scroll","background-type":"","background-media":"","overlay-type":"","overlay-color":"","overlay-opacity":"","overlay-gradient":""},"tablet":{"background-color":"","background-image":"","background-repeat":"repeat","background-position":"center center","background-size":"auto","background-attachment":"scroll","background-type":"","background-media":"","overlay-type":"","overlay-color":"","overlay-opacity":"","overlay-gradient":""},"mobile":{"background-color":"","background-image":"","background-repeat":"repeat","background-position":"center center","background-size":"auto","background-attachment":"scroll","background-type":"","background-media":"","overlay-type":"","overlay-color":"","overlay-opacity":"","overlay-gradient":""}},"ast-content-background-meta":{"desktop":{"background-color":"var(--ast-global-color-4)","background-image":"","background-repeat":"repeat","background-position":"center center","background-size":"auto","background-attachment":"scroll","background-type":"","background-media":"","overlay-type":"","overlay-color":"","overlay-opacity":"","overlay-gradient":""},"tablet":{"background-color":"var(--ast-global-color-4)","background-image":"","background-repeat":"repeat","background-position":"center center","background-size":"auto","background-attachment":"scroll","background-type":"","background-media":"","overlay-type":"","overlay-color":"","overlay-opacity":"","overlay-gradient":""},"mobile":{"background-color":"var(--ast-global-color-4)","background-image":"","background-repeat":"repeat","background-position":"center center","background-size":"auto","background-attachment":"scroll","background-type":"","background-media":"","overlay-type":"","overlay-color":"","overlay-opacity":"","overlay-gradient":""}},"footnotes":""},"class_list":["post-2001","page","type-page","status-publish","hentry"],"yoast_head":"<!-- This site is optimized with the Yoast SEO plugin v27.5 - https:\/\/yoast.com\/product\/yoast-seo-wordpress\/ -->\n<title>Privacy Policy - m\u00e1sLabor<\/title>\n<meta name=\"robots\" content=\"noindex, follow, max-snippet:-1, max-image-preview:large, max-video-preview:-1\" \/>\n<meta property=\"og:locale\" content=\"es_ES\" \/>\n<meta property=\"og:type\" content=\"article\" \/>\n<meta property=\"og:title\" content=\"Privacy Policy - m\u00e1sLabor\" \/>\n<meta property=\"og:description\" content=\"Privacy Policy This Privacy Policy describes how Mid-Atlantic Solutions, LLC and its affiliates and subsidiaries, MAS Labor H2A, LLC, MAS [&hellip;]\" \/>\n<meta property=\"og:url\" content=\"https:\/\/maslabor-es.criticaldev.site\/es\/privacy-policy\/\" \/>\n<meta property=\"og:site_name\" content=\"m\u00e1sLabor\" \/>\n<meta property=\"article:modified_time\" content=\"2025-10-08T15:09:02+00:00\" \/>\n<meta name=\"twitter:card\" content=\"summary_large_image\" \/>\n<meta name=\"twitter:label1\" content=\"Est. reading time\" \/>\n\t<meta name=\"twitter:data1\" content=\"5 minutes\" \/>\n<script type=\"application\/ld+json\" class=\"yoast-schema-graph\">{\"@context\":\"https:\\\/\\\/schema.org\",\"@graph\":[{\"@type\":\"WebPage\",\"@id\":\"https:\\\/\\\/maslabor-es.criticaldev.site\\\/privacy-policy\\\/\",\"url\":\"https:\\\/\\\/maslabor-es.criticaldev.site\\\/privacy-policy\\\/\",\"name\":\"Privacy Policy - m\u00e1sLabor\",\"isPartOf\":{\"@id\":\"https:\\\/\\\/maslabor-es.criticaldev.site\\\/#website\"},\"datePublished\":\"2025-10-08T14:43:14+00:00\",\"dateModified\":\"2025-10-08T15:09:02+00:00\",\"breadcrumb\":{\"@id\":\"https:\\\/\\\/maslabor-es.criticaldev.site\\\/privacy-policy\\\/#breadcrumb\"},\"inLanguage\":\"es-ES\",\"potentialAction\":[{\"@type\":\"ReadAction\",\"target\":[\"https:\\\/\\\/maslabor-es.criticaldev.site\\\/privacy-policy\\\/\"]}]},{\"@type\":\"BreadcrumbList\",\"@id\":\"https:\\\/\\\/maslabor-es.criticaldev.site\\\/privacy-policy\\\/#breadcrumb\",\"itemListElement\":[{\"@type\":\"ListItem\",\"position\":1,\"name\":\"Home\",\"item\":\"https:\\\/\\\/maslabor-es.criticaldev.site\\\/\"},{\"@type\":\"ListItem\",\"position\":2,\"name\":\"Privacy Policy\"}]},{\"@type\":\"WebSite\",\"@id\":\"https:\\\/\\\/maslabor-es.criticaldev.site\\\/#website\",\"url\":\"https:\\\/\\\/maslabor-es.criticaldev.site\\\/\",\"name\":\"m\u00e1sLabor\",\"description\":\"\",\"potentialAction\":[{\"@type\":\"SearchAction\",\"target\":{\"@type\":\"EntryPoint\",\"urlTemplate\":\"https:\\\/\\\/maslabor-es.criticaldev.site\\\/?s={search_term_string}\"},\"query-input\":{\"@type\":\"PropertyValueSpecification\",\"valueRequired\":true,\"valueName\":\"search_term_string\"}}],\"inLanguage\":\"es-ES\"}]}<\/script>\n<!-- \/ Yoast SEO plugin. -->","yoast_head_json":{"title":"Pol\u00edtica de privacidad - m\u00e1sLabor","robots":{"index":"noindex","follow":"follow","max-snippet":"max-snippet:-1","max-image-preview":"max-image-preview:large","max-video-preview":"max-video-preview:-1"},"og_locale":"es_ES","og_type":"article","og_title":"Privacy Policy - m\u00e1sLabor","og_description":"Privacy Policy This Privacy Policy describes how Mid-Atlantic Solutions, LLC and its affiliates and subsidiaries, MAS Labor H2A, LLC, MAS [&hellip;]","og_url":"https:\/\/maslabor-es.criticaldev.site\/es\/privacy-policy\/","og_site_name":"m\u00e1sLabor","article_modified_time":"2025-10-08T15:09:02+00:00","twitter_card":"summary_large_image","twitter_misc":{"Est. reading time":"5 minutes"},"schema":{"@context":"https:\/\/schema.org","@graph":[{"@type":"WebPage","@id":"https:\/\/maslabor-es.criticaldev.site\/privacy-policy\/","url":"https:\/\/maslabor-es.criticaldev.site\/privacy-policy\/","name":"Pol\u00edtica de privacidad - m\u00e1sLabor","isPartOf":{"@id":"https:\/\/maslabor-es.criticaldev.site\/#website"},"datePublished":"2025-10-08T14:43:14+00:00","dateModified":"2025-10-08T15:09:02+00:00","breadcrumb":{"@id":"https:\/\/maslabor-es.criticaldev.site\/privacy-policy\/#breadcrumb"},"inLanguage":"es-ES","potentialAction":[{"@type":"ReadAction","target":["https:\/\/maslabor-es.criticaldev.site\/privacy-policy\/"]}]},{"@type":"BreadcrumbList","@id":"https:\/\/maslabor-es.criticaldev.site\/privacy-policy\/#breadcrumb","itemListElement":[{"@type":"ListItem","position":1,"name":"Home","item":"https:\/\/maslabor-es.criticaldev.site\/"},{"@type":"ListItem","position":2,"name":"Privacy Policy"}]},{"@type":"WebSite","@id":"https:\/\/maslabor-es.criticaldev.site\/#website","url":"https:\/\/maslabor-es.criticaldev.site\/","name":"m\u00e1sLabor","description":"","potentialAction":[{"@type":"SearchAction","target":{"@type":"EntryPoint","urlTemplate":"https:\/\/maslabor-es.criticaldev.site\/?s={search_term_string}"},"query-input":{"@type":"PropertyValueSpecification","valueRequired":true,"valueName":"search_term_string"}}],"inLanguage":"es-ES"}]}},"_links":{"self":[{"href":"https:\/\/maslabor-es.criticaldev.site\/es\/wp-json\/wp\/v2\/pages\/2001","targetHints":{"allow":["GET"]}}],"collection":[{"href":"https:\/\/maslabor-es.criticaldev.site\/es\/wp-json\/wp\/v2\/pages"}],"about":[{"href":"https:\/\/maslabor-es.criticaldev.site\/es\/wp-json\/wp\/v2\/types\/page"}],"author":[{"embeddable":true,"href":"https:\/\/maslabor-es.criticaldev.site\/es\/wp-json\/wp\/v2\/users\/1"}],"replies":[{"embeddable":true,"href":"https:\/\/maslabor-es.criticaldev.site\/es\/wp-json\/wp\/v2\/comments?post=2001"}],"version-history":[{"count":13,"href":"https:\/\/maslabor-es.criticaldev.site\/es\/wp-json\/wp\/v2\/pages\/2001\/revisions"}],"predecessor-version":[{"id":2016,"href":"https:\/\/maslabor-es.criticaldev.site\/es\/wp-json\/wp\/v2\/pages\/2001\/revisions\/2016"}],"wp:attachment":[{"href":"https:\/\/maslabor-es.criticaldev.site\/es\/wp-json\/wp\/v2\/media?parent=2001"}],"curies":[{"name":"wp","href":"https:\/\/api.w.org\/{rel}","templated":true}]}}