{"id":203,"date":"2025-07-31T00:44:19","date_gmt":"2025-07-31T00:44:19","guid":{"rendered":"https:\/\/staging2.maslabor.com\/?page_id=203"},"modified":"2025-07-31T20:07:56","modified_gmt":"2025-07-31T20:07:56","slug":"h2b-timeline","status":"publish","type":"page","link":"https:\/\/maslabor-es.criticaldev.site\/es\/h2b-timeline\/","title":{"rendered":"Plazos del H-2B"},"content":{"rendered":"<div data-elementor-type=\"wp-page\" data-elementor-id=\"203\" class=\"elementor elementor-203\" data-elementor-post-type=\"page\">\n\t\t\t\t<div class=\"elementor-element elementor-element-8900f88 e-flex e-con-boxed e-con e-parent\" data-id=\"8900f88\" data-element_type=\"container\" data-e-type=\"container\">\n\t\t\t\t\t<div class=\"e-con-inner\">\n\t\t\t\t<div class=\"elementor-element elementor-element-f46c329 elementor-widget elementor-widget-heading\" data-id=\"f46c329\" data-element_type=\"widget\" data-e-type=\"widget\" data-widget_type=\"heading.default\">\n\t\t\t\t\t<h1 class=\"elementor-heading-title elementor-size-default\">Plazos del H-2B<\/h1>\t\t\t\t<\/div>\n\t\t\t\t<div class=\"elementor-element elementor-element-3f439ef elementor-widget elementor-widget-html\" data-id=\"3f439ef\" data-element_type=\"widget\" data-e-type=\"widget\" data-widget_type=\"html.default\">\n\t\t\t\t\t<body>\n    <style>\n\n      @import url(\"https:\/\/fonts.googleapis.com\/css2?family=Poppins:wght@300;500;700&display=swap\");\n        .timeline {\n            --color: rgba(30, 30, 30);\n            --bgColor: #fff;\n            min-height: 100vh;\n            display: grid;\n            align-content: center;\n          font-family: \"Poppins\", sans-serif;\n          font-size:14px;\n            gap: 2rem;\n            padding: 2rem;\n            color: var(--color);\n            background: var(--bgColor);\n        }\n\n        .line-time {\n            height: 2px;\n            background-color: #ff0000;\n            width: 100%;\n        }\n      .download-pdf{\n        text-align:right;\n      }\n\n      .timeline .info{\n        text-align:center;\n      }\n      .timeline .info p{\n        font-size:12px;\n        font-weight:600;\n        color:#ff0000;\n      }\n      \n        ul {\n            --col-gap: 2rem;\n            --row-gap: 2rem;\n            --line-w: 0.25rem;\n            display: grid;\n            grid-template-columns: var(--line-w) 1fr;\n            grid-auto-columns: max-content;\n            column-gap: var(--col-gap);\n            list-style: none;\n            width: min(60rem, 90%);\n            margin-inline: auto;\n        }\n\n        \/* line *\/\n        ul::before {\n            content: \"\";\n            grid-column: 1;\n            grid-row: 1 \/ span 20;\n            background: rgb(225, 225, 225);\n            border-radius: calc(var(--line-w) \/ 2);\n        }\n\n        \/* columns*\/\n\n        \/* row gaps *\/\n        ul li:not(:last-child) {\n            margin-bottom: var(--row-gap);\n        }\n\n        \/* card *\/\n        ul li {\n            grid-column: 2;\n            --inlineP: 1.5rem;\n            margin-inline: var(--inlineP);\n            grid-row: span 2;\n            display: grid;\n            grid-template-rows: min-content min-content min-content;\n          box-shadow: 0 16px 21px -23px #000000;\n        }\n\n        \/* date *\/\n        ul li .date {\n            --dateH: 3rem;\n            height: var(--dateH);\n            margin-inline: calc(var(--inlineP) * -1);\n\n            text-align: center;\n            background-color: var(--accent-color);\n\n            color: white;\n            font-size: 1.25rem;\n            font-weight: 700;\n\n            display: grid;\n            place-content: center;\n            position: relative;\n\n            border-radius: calc(var(--dateH) \/ 2) 0 0 calc(var(--dateH) \/ 2);\n        }\n\n        \/* date flap *\/\n        ul li .date::before {\n            content: \"\";\n            width: var(--inlineP);\n            aspect-ratio: 1;\n            background: var(--accent-color);\n            background-image: linear-gradient(rgba(0, 0, 0, 0.2) 100%, transparent);\n            position: absolute;\n            top: 100%;\n\n            clip-path: polygon(0 0, 100% 0, 0 100%);\n            right: 0;\n        }\n\n        \/* circle *\/\n        ul li .date::after {\n            content: \"\";\n            position: absolute;\n            width: 2rem;\n            aspect-ratio: 1;\n            background: var(--bgColor);\n            border: 0.3rem solid var(--accent-color);\n            border-radius: 50%;\n            top: 50%;\n\n            transform: translate(50%, -50%);\n            right: calc(100% + var(--col-gap) + var(--line-w) \/ 2);\n        }\n\n        \/* title descr *\/\n        ul li .title,\n        ul li .descr {\n            background: var(--bgColor);\n            position: relative;\n            padding-inline: 1.5rem;\n        }\n\n        ul li .title {\n            overflow: hidden;\n            padding-block-start: 1.5rem;\n            padding-block-end: 1rem;\n            font-weight: 500;\n        }\n\n        ul li .descr {\n            padding-block-end: 1.5rem;\n            font-weight: 300;\n          line-height:1.7\n        }\n\n        \/* shadows *\/\n        ul li .title::before,\n        ul li .descr::before {\n            content: \"\";\n            position: absolute;\n            width: 90%;\n            height: 0.5rem;\n            background: rgba(0, 0, 0, 0.5);\n            left: 50%;\n            border-radius: 50%;\n            filter: blur(4px);\n            transform: translate(-50%, 50%);\n        }\n\n        ul li .title::before {\n            bottom: calc(100% + 0.125rem);\n        }\n\n        ul li .descr::before {\n            z-index: -1;\n            bottom: 0.25rem;\n        }\n\n        @media (min-width: 40rem) {\n            ul {\n                grid-template-columns: 1fr var(--line-w) 1fr;\n            }\n\n            ul::before {\n                grid-column: 2;\n            }\n\n            ul li:nth-child(odd) {\n                grid-column: 1;\n            }\n\n            ul li:nth-child(even) {\n                grid-column: 3;\n            }\n\n            \/* start second card *\/\n            ul li:nth-child(2) {\n                grid-row: 2\/4;\n            }\n\n            ul li:nth-child(odd) .date::before {\n                clip-path: polygon(0 0, 100% 0, 100% 100%);\n                left: 0;\n            }\n\n            ul li:nth-child(odd) .date::after {\n                transform: translate(-50%, -50%);\n                left: calc(100% + var(--col-gap) + var(--line-w) \/ 2);\n            }\n\n            ul li:nth-child(odd) .date {\n                border-radius: 0 calc(var(--dateH) \/ 2) calc(var(--dateH) \/ 2) 0;\n            }\n        }\n\n        .credits {\n            margin-top: 1rem;\n            text-align: right;\n        }\n\n        .credits a {\n            color: var(--color);\n        }\n    <\/style>\n\n    <div class=\"timeline\">\n        <div class=\"info\">\n          <p style=\"color:black;\">*Los plazos a continuaci\u00f3n son una gu\u00eda informativa; las fechas espec\u00edficas pueden variar seg\u00fan la posici\u00f3n en el sorteo y la disponibilidad consular.<\/p>\n        <\/div>\n        <div class=\"line-time\"><\/div>\n        <ul>\n          <li style=\"--accent-color:#EA0029\">\n              <div class=\"date\">D\u00edas 150 a 120<\/div>\n              <div class=\"title\">Determinaci\u00f3n del salario prevaleciente (PWD)<\/div>\n              <div class=\"descr\">Fecha objetivo para presentar la determinaci\u00f3n del salario prevaleciente (ETA 9141) ante el National Prevailing Wage Center (NPWC) del DOL.<\/div>\n          <\/li>\n          <li style=\"--accent-color:#75787B\">\n              <div class=\"date\">D\u00edas 120 a 90<\/div>\n              <div class=\"title\">Preparaci\u00f3n de documentos<\/div>\n              <div class=\"descr\">Redacci\u00f3n de la oferta de empleo (Job Order) ante la State Workforce Agency (SWA) y de la solicitud H-2B (ETA 9142) ante el Department of Labor (DOL).<\/div>\n          <\/li>\n          <li style=\"--accent-color:#EA0029\">\n              <div class=\"date\">D\u00eda 90<\/div>\n              <div class=\"title\">Certificaci\u00f3n de empleo temporal (ETA 9142B)<\/div>\n              <div class=\"descr\">Fecha m\u00e1s temprana para presentar la solicitud H-2B ante el DOL.<\/div>\n              \n          <\/li>\n          <li style=\"--accent-color:#EA0029\">\n              <div class=\"date\">D\u00edas 89 a 30<\/div>\n              <div class=\"title\">U.S. Department of Labor (DOL)<\/div>\n              <div class=\"descr\">DOL conducts randomized lottery to determine processing order<\/div>\n              <div class=\"descr\">Employer conducts positive U.S. recruitment and submits Recruitment Report to DOL for Temporary Labor Certification<\/div>\n              \n          <\/li>\n          <li style=\"--accent-color:#75787B\">\n              <div class=\"date\">D\u00edas 29 a 15<\/div>\n              <div class=\"title\">U.S. Citizenship &amp; Immigration Services (CIS)<\/div>\n              <div class=\"descr\">Submission of Initial Results of Recruitment to DOL to receive Labor Certification and file I-129 with Citizen and Immigration Services (CIS)<\/div>\n              <div class=\"descr\">File nonimmigrant worker petition (Form I-129) with CIS (IF visas are still available)<\/div>\n          <\/li>\n          <li style=\"--accent-color:#EA0029\">\n              <div class=\"date\">D\u00edas 15 a 1<\/div>\n              <div class=\"title\">U.S. Department of State (DOS)<\/div>\n              <div class=\"descr\">Los trabajadores preparan el formulario DS-160, se agendan las citas consulares, se emiten las visas y los trabajadores cruzan la frontera.<\/div>\n              \n          <\/li>\n      <\/ul>\n        \n    <\/div>\n  <!-- \u25b8\u25b8\u25b8  FIX: reset ULs that are NOT inside .timeline  \u25b8\u25b8\u25b8 -->\n    <style>\n        \/* Any <ul> that is NOT inside your timeline gets normal layout back *\/\n        .timeline ul                         { \/* keep timeline\u2019s grid *\/ }\n        body ul:not(.timeline ul)            { display:block; grid-template-columns:initial;\n                                               column-gap:initial; list-style:disc;\n                                               margin:1em 0; width:auto; padding-left:40px; }\n        body ul:not(.timeline ul)::before    { content:none !important; }\n        body ul:not(.timeline ul) li         { display:list-item; margin:0; box-shadow:none;\n                                               grid-column:auto; grid-row:auto; }\n        \/* same for nested items created in original CSS *\/\n        body ul:not(.timeline ul) li .date,\n        body ul:not(.timeline ul) li .title,\n        body ul:not(.timeline ul) li .descr  { all:unset; }        \n        \n           \/* \u2500\u2500\u2500 Mobile width fix (keeps everything visible, no side\u2011scroll) \u2500\u2500\u2500 *\/\n@media (max-width:640px){\n      .timeline ul{ width: calc(100% - 4rem); }\n\n      \/* new rule \u2193 *\/\n      .timeline .custom-date-pick-wrapper{\n          flex-wrap:wrap;\n          gap:1rem;\n    <\/style>\n<\/body>\t\t\t\t<\/div>\n\t\t\t\t\t<\/div>\n\t\t\t\t<\/div>\n\t\t\t\t<\/div>","protected":false},"excerpt":{"rendered":"<p>H-2B Timeline *The following timeline serves as an informative guide, specific dates may vary depending on lottery placement and consular [&hellip;]<\/p>\n","protected":false},"author":1,"featured_media":0,"parent":0,"menu_order":0,"comment_status":"closed","ping_status":"closed","template":"","meta":{"site-sidebar-layout":"no-sidebar","site-content-layout":"","ast-site-content-layout":"full-width-container","site-content-style":"default","site-sidebar-style":"default","ast-global-header-display":"","ast-banner-title-visibility":"","ast-main-header-display":"","ast-hfb-above-header-display":"","ast-hfb-below-header-display":"","ast-hfb-mobile-header-display":"","site-post-title":"disabled","ast-breadcrumbs-content":"","ast-featured-img":"disabled","footer-sml-layout":"","ast-disable-related-posts":"","theme-transparent-header-meta":"","adv-header-id-meta":"","stick-header-meta":"","header-above-stick-meta":"","header-main-stick-meta":"","header-below-stick-meta":"","astra-migrate-meta-layouts":"default","ast-page-background-enabled":"default","ast-page-background-meta":{"desktop":{"background-color":"var(--ast-global-color-5)","background-image":"","background-repeat":"repeat","background-position":"center center","background-size":"auto","background-attachment":"scroll","background-type":"","background-media":"","overlay-type":"","overlay-color":"","overlay-opacity":"","overlay-gradient":""},"tablet":{"background-color":"","background-image":"","background-repeat":"repeat","background-position":"center center","background-size":"auto","background-attachment":"scroll","background-type":"","background-media":"","overlay-type":"","overlay-color":"","overlay-opacity":"","overlay-gradient":""},"mobile":{"background-color":"","background-image":"","background-repeat":"repeat","background-position":"center center","background-size":"auto","background-attachment":"scroll","background-type":"","background-media":"","overlay-type":"","overlay-color":"","overlay-opacity":"","overlay-gradient":""}},"ast-content-background-meta":{"desktop":{"background-color":"var(--ast-global-color-4)","background-image":"","background-repeat":"repeat","background-position":"center center","background-size":"auto","background-attachment":"scroll","background-type":"","background-media":"","overlay-type":"","overlay-color":"","overlay-opacity":"","overlay-gradient":""},"tablet":{"background-color":"var(--ast-global-color-4)","background-image":"","background-repeat":"repeat","background-position":"center center","background-size":"auto","background-attachment":"scroll","background-type":"","background-media":"","overlay-type":"","overlay-color":"","overlay-opacity":"","overlay-gradient":""},"mobile":{"background-color":"var(--ast-global-color-4)","background-image":"","background-repeat":"repeat","background-position":"center center","background-size":"auto","background-attachment":"scroll","background-type":"","background-media":"","overlay-type":"","overlay-color":"","overlay-opacity":"","overlay-gradient":""}},"footnotes":""},"class_list":["post-203","page","type-page","status-publish","hentry"],"yoast_head":"<!-- This site is optimized with the Yoast SEO plugin v27.5 - https:\/\/yoast.com\/product\/yoast-seo-wordpress\/ -->\n<title>H-2B Timeline - m\u00e1sLabor<\/title>\n<meta name=\"description\" content=\"H-2B visa timeline for employers: application deadlines, processing times, cap dates, and worker arrival. m\u00e1sLabor walks you through it all.\" \/>\n<meta name=\"robots\" content=\"noindex, follow, max-snippet:-1, max-image-preview:large, max-video-preview:-1\" \/>\n<meta property=\"og:locale\" content=\"es_ES\" \/>\n<meta property=\"og:type\" content=\"article\" \/>\n<meta property=\"og:title\" content=\"H-2B Timeline - m\u00e1sLabor\" \/>\n<meta property=\"og:description\" content=\"H-2B visa timeline for employers: application deadlines, processing times, cap dates, and worker arrival. m\u00e1sLabor walks you through it all.\" \/>\n<meta property=\"og:url\" content=\"https:\/\/maslabor-es.criticaldev.site\/es\/h2b-timeline\/\" \/>\n<meta property=\"og:site_name\" content=\"m\u00e1sLabor\" \/>\n<meta property=\"article:modified_time\" content=\"2025-07-31T20:07:56+00:00\" \/>\n<meta name=\"twitter:card\" content=\"summary_large_image\" \/>\n<meta name=\"twitter:label1\" content=\"Est. reading time\" \/>\n\t<meta name=\"twitter:data1\" content=\"1 minute\" \/>\n<script type=\"application\/ld+json\" class=\"yoast-schema-graph\">{\"@context\":\"https:\\\/\\\/schema.org\",\"@graph\":[{\"@type\":\"WebPage\",\"@id\":\"https:\\\/\\\/maslabor-es.criticaldev.site\\\/h2b-timeline\\\/\",\"url\":\"https:\\\/\\\/maslabor-es.criticaldev.site\\\/h2b-timeline\\\/\",\"name\":\"H-2B Timeline - m\u00e1sLabor\",\"isPartOf\":{\"@id\":\"https:\\\/\\\/maslabor-es.criticaldev.site\\\/#website\"},\"datePublished\":\"2025-07-31T00:44:19+00:00\",\"dateModified\":\"2025-07-31T20:07:56+00:00\",\"description\":\"H-2B visa timeline for employers: application deadlines, processing times, cap dates, and worker arrival. m\u00e1sLabor walks you through it all.\",\"breadcrumb\":{\"@id\":\"https:\\\/\\\/maslabor-es.criticaldev.site\\\/h2b-timeline\\\/#breadcrumb\"},\"inLanguage\":\"es-ES\",\"potentialAction\":[{\"@type\":\"ReadAction\",\"target\":[\"https:\\\/\\\/maslabor-es.criticaldev.site\\\/h2b-timeline\\\/\"]}]},{\"@type\":\"BreadcrumbList\",\"@id\":\"https:\\\/\\\/maslabor-es.criticaldev.site\\\/h2b-timeline\\\/#breadcrumb\",\"itemListElement\":[{\"@type\":\"ListItem\",\"position\":1,\"name\":\"Home\",\"item\":\"https:\\\/\\\/maslabor-es.criticaldev.site\\\/\"},{\"@type\":\"ListItem\",\"position\":2,\"name\":\"H-2B Timeline\"}]},{\"@type\":\"WebSite\",\"@id\":\"https:\\\/\\\/maslabor-es.criticaldev.site\\\/#website\",\"url\":\"https:\\\/\\\/maslabor-es.criticaldev.site\\\/\",\"name\":\"m\u00e1sLabor\",\"description\":\"\",\"potentialAction\":[{\"@type\":\"SearchAction\",\"target\":{\"@type\":\"EntryPoint\",\"urlTemplate\":\"https:\\\/\\\/maslabor-es.criticaldev.site\\\/?s={search_term_string}\"},\"query-input\":{\"@type\":\"PropertyValueSpecification\",\"valueRequired\":true,\"valueName\":\"search_term_string\"}}],\"inLanguage\":\"es-ES\"}]}<\/script>\n<!-- \/ Yoast SEO plugin. -->","yoast_head_json":{"title":"Plazos del H-2B - m\u00e1sLabor","description":"H-2B visa timeline for employers: application deadlines, processing times, cap dates, and worker arrival. m\u00e1sLabor walks you through it all.","robots":{"index":"noindex","follow":"follow","max-snippet":"max-snippet:-1","max-image-preview":"max-image-preview:large","max-video-preview":"max-video-preview:-1"},"og_locale":"es_ES","og_type":"article","og_title":"H-2B Timeline - m\u00e1sLabor","og_description":"H-2B visa timeline for employers: application deadlines, processing times, cap dates, and worker arrival. m\u00e1sLabor walks you through it all.","og_url":"https:\/\/maslabor-es.criticaldev.site\/es\/h2b-timeline\/","og_site_name":"m\u00e1sLabor","article_modified_time":"2025-07-31T20:07:56+00:00","twitter_card":"summary_large_image","twitter_misc":{"Est. reading time":"1 minute"},"schema":{"@context":"https:\/\/schema.org","@graph":[{"@type":"WebPage","@id":"https:\/\/maslabor-es.criticaldev.site\/h2b-timeline\/","url":"https:\/\/maslabor-es.criticaldev.site\/h2b-timeline\/","name":"Plazos del H-2B - m\u00e1sLabor","isPartOf":{"@id":"https:\/\/maslabor-es.criticaldev.site\/#website"},"datePublished":"2025-07-31T00:44:19+00:00","dateModified":"2025-07-31T20:07:56+00:00","description":"H-2B visa timeline for employers: application deadlines, processing times, cap dates, and worker arrival. m\u00e1sLabor walks you through it all.","breadcrumb":{"@id":"https:\/\/maslabor-es.criticaldev.site\/h2b-timeline\/#breadcrumb"},"inLanguage":"es-ES","potentialAction":[{"@type":"ReadAction","target":["https:\/\/maslabor-es.criticaldev.site\/h2b-timeline\/"]}]},{"@type":"BreadcrumbList","@id":"https:\/\/maslabor-es.criticaldev.site\/h2b-timeline\/#breadcrumb","itemListElement":[{"@type":"ListItem","position":1,"name":"Home","item":"https:\/\/maslabor-es.criticaldev.site\/"},{"@type":"ListItem","position":2,"name":"H-2B Timeline"}]},{"@type":"WebSite","@id":"https:\/\/maslabor-es.criticaldev.site\/#website","url":"https:\/\/maslabor-es.criticaldev.site\/","name":"m\u00e1sLabor","description":"","potentialAction":[{"@type":"SearchAction","target":{"@type":"EntryPoint","urlTemplate":"https:\/\/maslabor-es.criticaldev.site\/?s={search_term_string}"},"query-input":{"@type":"PropertyValueSpecification","valueRequired":true,"valueName":"search_term_string"}}],"inLanguage":"es-ES"}]}},"_links":{"self":[{"href":"https:\/\/maslabor-es.criticaldev.site\/es\/wp-json\/wp\/v2\/pages\/203","targetHints":{"allow":["GET"]}}],"collection":[{"href":"https:\/\/maslabor-es.criticaldev.site\/es\/wp-json\/wp\/v2\/pages"}],"about":[{"href":"https:\/\/maslabor-es.criticaldev.site\/es\/wp-json\/wp\/v2\/types\/page"}],"author":[{"embeddable":true,"href":"https:\/\/maslabor-es.criticaldev.site\/es\/wp-json\/wp\/v2\/users\/1"}],"replies":[{"embeddable":true,"href":"https:\/\/maslabor-es.criticaldev.site\/es\/wp-json\/wp\/v2\/comments?post=203"}],"version-history":[{"count":4,"href":"https:\/\/maslabor-es.criticaldev.site\/es\/wp-json\/wp\/v2\/pages\/203\/revisions"}],"predecessor-version":[{"id":207,"href":"https:\/\/maslabor-es.criticaldev.site\/es\/wp-json\/wp\/v2\/pages\/203\/revisions\/207"}],"wp:attachment":[{"href":"https:\/\/maslabor-es.criticaldev.site\/es\/wp-json\/wp\/v2\/media?parent=203"}],"curies":[{"name":"wp","href":"https:\/\/api.w.org\/{rel}","templated":true}]}}